{"id":142,"date":"2008-09-08T19:00:53","date_gmt":"2008-09-08T22:00:53","guid":{"rendered":"http:\/\/192.168.1.100\/nostalgia\/"},"modified":"2013-02-27T02:32:06","modified_gmt":"2013-02-27T05:32:06","slug":"nostalgia","status":"publish","type":"page","link":"http:\/\/www.devin.com.br\/eitch\/nostalgia\/","title":{"rendered":"nostalgia"},"content":{"rendered":"<p>&#8220;Nostalgia \u00e9 uma sensa\u00e7\u00e3o engra\u00e7ada&#8230; Geralmente, quando voc\u00ea lembra das coisas do passado, voc\u00ea viaja nele e sente as mesmas coisas, sejam boas ou ruins&#8230; A sensa\u00e7\u00e3o da lembran\u00e7a \u00e9 estranhamente feliz.&#8221;<\/p>\n<p><a href=\"http:\/\/www.devin.com.br\/eitch\/arquivos\/nostalgia\/tlm1.txt\">Primeira vers\u00e3o do TLM<\/a>: Eu sempre come\u00e7o a rir quando eu vejo isso. Na \u00e9poca (1997) eu tinha 13 anos e acabei fazendo a primeira vers\u00e3o do TLM, baseada em dicas que eu conseguia da linux-br. Ta\u00ed pra voc\u00eas rirem um pouco \ud83d\ude42 Ah! Tem algumas coisas nele que ainda servem tamb\u00e9m hehe \ud83d\ude1b<\/p>\n<p><a href=\"http:\/\/www.devin.com.br\/tlm3.4\/\">The Linux Manual 3.4<\/a>: A \u00faltima vers\u00e3o oficial feita por mim do The Linux Manual. Esta foi a vers\u00e3o que deixou o manual famoso, e consequentemente eu virei garoto pop superstar do Linux \ud83d\ude1b Eu abandonei o projeto do manual, mas ele continua ai guardadinho. E por incr\u00edvel que pare\u00e7a, tem gente que ainda diz que usa ele&#8230; Mesmo estando t\u00e3o velho. \u00c9 bom saber que eu contribu\u00ed alguma coisa para o Linux no Brasil!<\/p>\n<p><a href=\"http:\/\/www.devin.com.br\/eitch\/arquivos\/nostalgia\/primeira_msg.html\">Primeira mensagem na linux-br<\/a>: Quando eu consegui instalar o Linux eu n\u00e3o conseguia fazer mais nada, ent\u00e3o resolvi entrar pra lista linux-br para pedir ajuda \ud83d\ude42 Aqui est\u00e1 a minha primeira mensagem pra lista. N\u00e3o riam muito, eu era guri na \u00e9poca \ud83d\ude1b<\/p>\n<p><a href=\"http:\/\/www.devin.com.br\/eitch\/arquivos\/nostalgia\/suicidio.html\">Carta suic\u00eddio<\/a>: N\u00e3o \u00e9 bem um suic\u00eddio que eu estava pensando, mas eu costumo brincar chamando esta &#8220;despedida&#8221; que fiz no final de 1998 de &#8220;Carta suic\u00edda&#8221;. Foi quando eu cansei, e resolvi tirar umas f\u00e9rias para mim mesmo. S\u00f3 que eu n\u00e3o sabia que essas f\u00e9rias iam durar uns 4 anos \ud83d\ude1b Bem ta\u00ed pra quem quiser rir.<\/p>\n<p><a href=\"http:\/\/www.devin.com.br\/oldeitch\/\">P\u00e1gina do Eitch<\/a>: A antiga p\u00e1gina, antes de virar Devin e ter seu conte\u00fado controlado por um CMS. T\u00e1 certo que eu nem sinto tanta saudade assim de fazer tudo na m\u00e3o&#8230; \ud83d\ude09<\/p>\n","protected":false},"excerpt":{"rendered":"<p>&#8220;Nostalgia \u00e9 uma sensa\u00e7\u00e3o engra\u00e7ada&#8230; Geralmente, quando voc\u00ea lembra das coisas do passado, voc\u00ea viaja nele e sente as mesmas coisas, sejam boas ou ruins&#8230; A sensa\u00e7\u00e3o da lembran\u00e7a \u00e9 estranhamente feliz.&#8221; Primeira vers\u00e3o do TLM: Eu sempre come\u00e7o a &hellip;<\/p>\n<p class=\"read-more\"> <a class=\"more-link\" href=\"http:\/\/www.devin.com.br\/eitch\/nostalgia\/\"> <span class=\"screen-reader-text\">nostalgia<\/span> Read More &raquo;<\/a><\/p>\n","protected":false},"author":1,"featured_media":0,"parent":0,"menu_order":0,"comment_status":"closed","ping_status":"open","template":"","meta":[],"_links":{"self":[{"href":"http:\/\/www.devin.com.br\/eitch\/wp-json\/wp\/v2\/pages\/142"}],"collection":[{"href":"http:\/\/www.devin.com.br\/eitch\/wp-json\/wp\/v2\/pages"}],"about":[{"href":"http:\/\/www.devin.com.br\/eitch\/wp-json\/wp\/v2\/types\/page"}],"author":[{"embeddable":true,"href":"http:\/\/www.devin.com.br\/eitch\/wp-json\/wp\/v2\/users\/1"}],"replies":[{"embeddable":true,"href":"http:\/\/www.devin.com.br\/eitch\/wp-json\/wp\/v2\/comments?post=142"}],"version-history":[{"count":5,"href":"http:\/\/www.devin.com.br\/eitch\/wp-json\/wp\/v2\/pages\/142\/revisions"}],"predecessor-version":[{"id":1299,"href":"http:\/\/www.devin.com.br\/eitch\/wp-json\/wp\/v2\/pages\/142\/revisions\/1299"}],"wp:attachment":[{"href":"http:\/\/www.devin.com.br\/eitch\/wp-json\/wp\/v2\/media?parent=142"}],"curies":[{"name":"wp","href":"https:\/\/api.w.org\/{rel}","templated":true}]}}